{"id":3310,"date":"2020-04-27T12:36:14","date_gmt":"2020-04-27T12:36:14","guid":{"rendered":"https:\/\/laurent.qodeinteractive.com\/elementor\/?page_id=3310"},"modified":"2023-03-12T20:57:01","modified_gmt":"2023-03-12T20:57:01","slug":"aboutus","status":"publish","type":"page","link":"https:\/\/ivybeach.it\/en\/aboutus\/","title":{"rendered":"about us"},"content":{"rendered":"<div data-elementor-type=\"wp-page\" data-elementor-id=\"3310\" class=\"elementor elementor-3310\">\n\t\t\t\t\t\t\t\t\t<section class=\"elementor-section elementor-top-section elementor-element elementor-element-4aa26a3 eltdf-elementor-row-grid-section elementor-section-boxed elementor-section-height-default elementor-section-height-default eltdf-parallax-row-no eltdf-content-aligment-left eltdf-disabled-bg-image-bellow-no\" data-id=\"4aa26a3\" data-element_type=\"section\">\n\t\t\t\t\t\t<div class=\"elementor-container elementor-column-gap-default\">\n\t\t\t\t\t<div class=\"elementor-column elementor-col-50 elementor-top-column elementor-element elementor-element-9fa7bd8\" data-id=\"9fa7bd8\" data-element_type=\"column\">\n\t\t\t<div class=\"elementor-widget-wrap elementor-element-populated\">\n\t\t\t\t\t\t\t\t<div class=\"elementor-element elementor-element-e575e1d elementor-widget__width-auto elementor-widget elementor-widget-eltdf_single_image\" data-id=\"e575e1d\" data-element_type=\"widget\" data-widget_type=\"eltdf_single_image.default\">\n\t\t\t\t<div class=\"elementor-widget-container\">\n\t\t\t<div class=\"eltdf-single-image-holder  eltdf-svg-pattern\">\n    <div class=\"eltdf-si-inner\" >\n                                <svg version=\"1.1\" id=\"Layer_1\" xmlns=\"http:\/\/www.w3.org\/2000\/svg\" xmlns:xlink=\"http:\/\/www.w3.org\/1999\/xlink\" x=\"0px\" y=\"0px\"\n\t width=\"303.083px\" height=\"305.563px\" viewbox=\"0 0 303.083 305.563\" enable-background=\"new 0 0 303.083 305.563\"\n\t xml:space=\"preserve\">\n<path fill=\"none\" stroke=\"#9A7D57\" stroke-width=\"1.5\" stroke-miterlimit=\"10\" d=\"M36.927,251.827L1.428,190.62L72.426,67.954\tL53.591,35.415 M36.927,251.827l35.499-61.207L12.86,87.705 M107.925,6.621l35.499,61.333L72.426,190.62l65.733,113.572\t M85.728,290.305l57.696-99.685L72.426,67.954l35.47-61.282 M176.85,3.041l37.572,64.913L143.424,190.62l60.398,104.352\t M148.419,304.655l66.003-114.035L143.424,67.954L180.614,3.7 M281.166,75.306L214.422,190.62l41.37,71.478 M233.9,279.635\tl51.521-89.015L214.422,67.954l23.047-39.817 M302.023,161.937L285.42,190.62l7.581,13.098 M96.143,10.63v16.348 M60.644,88.311\tV70.871L44.853,43.219 M25.145,149.644v-17.439L7.325,101 M60.644,210.977v-17.439l-23.712-41.521L13.21,193.594v17.383\t M96.143,272.31V254.87l-23.712-41.521l-23.722,41.578v10.798 M123.73,302.348l-15.8-27.666L96.429,294.84 M192.572,298.572\tl-13.644-23.891l-16.852,29.537 M167.102,272.31V254.87l-23.712-41.521l-23.722,41.578v17.383 M238.139,272.31V254.87\tl-23.712-41.521l-23.722,41.578v17.383 M287.81,217.524l-2.385-4.176l-23.722,41.578v1.114 M131.642,210.977v-17.439l-23.712-41.521\tl-23.722,41.578v17.383 M202.64,210.977v-17.439l-23.712-41.521l-23.722,41.578v17.383 M273.638,210.977v-17.439l-23.712-41.521\tl-23.722,41.578v17.383 M96.143,149.644v-17.439L72.431,90.683l-23.722,41.578v17.383 M167.102,149.644v-17.439L143.39,90.683\tl-23.722,41.578v17.383 M238.139,149.644v-17.439l-23.712-41.521l-23.722,41.578v17.383 M295.99,109.182l-10.564-18.499\tl-23.722,41.578v17.383 M131.642,88.311V70.871L107.93,29.35L84.208,70.928v17.383 M202.64,88.311V70.871L178.928,29.35\tl-23.722,41.578v17.383 M273.638,88.311V70.871l-12.967-22.705 M246.644,35.104l-20.439,35.824v17.383 M167.141,26.978V9.538\tl-4.791-8.391 M123.446,3.043l-3.738,6.552v17.383 M192.453,6.533l-1.747,3.062v17.383 M84.248,15.75v31.78 M60.605,47.53V29.963\t M48.749,108.863V73.93L36.929,53.236L25.106,73.959v34.904 M13.25,170.196v-34.934L2.607,116.629 M48.749,231.529v-34.934\tl-11.819-20.693l-11.823,20.723v34.904 M84.248,289.6v-31.671l-11.819-20.693l-11.823,20.723v17.433 M180.675,301.633l-1.75-3.064\tl-2.172,3.805 M155.246,292.862v-34.934l-11.819-20.693l-11.823,20.723v34.904 M226.244,284.372v-26.443l-11.819-20.693\tl-11.823,20.723v34.904 M119.747,231.529v-34.934l-11.819-20.693l-11.823,20.723v34.904 M190.745,231.529v-34.934l-11.819-20.693\tl-11.823,20.723v34.904 M261.743,231.529v-34.934l-11.819-20.693L238.1,196.625v34.904 M84.248,170.196v-34.934l-11.819-20.693\tl-11.823,20.723v34.904 M155.207,170.196v-34.934l-11.819-20.693l-11.823,20.723v34.904 M226.244,170.196v-34.934l-11.819-20.693\tl-11.823,20.723v34.904 M297.242,170.196v-34.934l-11.819-20.693l-11.823,20.723v34.904 M119.747,108.863V73.93l-11.819-20.693\tL96.104,73.959v34.904 M190.745,108.863V73.93l-11.819-20.693l-11.823,20.723v34.904 M261.743,108.863V73.93l-11.819-20.693\tL238.1,73.959v34.904 M155.246,47.53V12.597L148.445,0.69 M138.147,1.156l-6.544,11.47V47.53 M226.244,20.976V47.53 M203.878,10.387\tl-1.277,2.239V47.53 M72.426,22.118v45.836 M36.927,73.112v56.051 M1.428,134.444v56.051 M36.927,195.776v56.051 M72.426,257.104\tv26.128 M143.424,257.104v47.4 M214.422,257.104v33.414 M107.925,195.776v56.051 M178.923,195.776v56.051 M249.921,195.776v56.051\t M72.426,134.444v56.051 M143.424,134.444v56.051 M214.422,134.444v56.051 M285.42,134.444v56.051 M107.925,73.112v56.051\t M178.923,73.112v56.051 M249.921,73.112v56.051 M143.424,11.903v56.051 M214.422,14.818v53.136 M137.838,304.162\"\/>\n<\/svg>                                <\/div>\n<\/div>\t\t<\/div>\n\t\t\t\t<\/div>\n\t\t\t\t\t<\/div>\n\t\t<\/div>\n\t\t\t\t<div class=\"elementor-column elementor-col-50 elementor-top-column elementor-element elementor-element-cd6ddc3\" data-id=\"cd6ddc3\" data-element_type=\"column\">\n\t\t\t<div class=\"elementor-widget-wrap elementor-element-populated\">\n\t\t\t\t\t\t\t\t<div class=\"elementor-element elementor-element-92765b6 elementor-widget elementor-widget-eltdf_section_title\" data-id=\"92765b6\" data-element_type=\"widget\" data-widget_type=\"eltdf_section_title.default\">\n\t\t\t\t<div class=\"elementor-widget-container\">\n\t\t\t<div class=\"eltdf-section-title-holder\" style=\"text-align: center\">\n\t<div class=\"eltdf-st-inner\">\n                    <span class=\"eltdf-st-tagline\">\n                ivy beach            <\/span>\n        \t\t            <div class=\"eltdf-st-title-holder\">\n                                    <div class=\"decor\"><svg xmlns=\"http:\/\/www.w3.org\/2000\/svg\" width=\"41.125\" height=\"9.146\">\n                            <path fill=\"none\" stroke=\"#9C7C57\" stroke-miterlimit=\"10\" d=\"M40.881 8.576L20.562.591.244 8.576\"\/>\n                            <path fill=\"none\" stroke=\"#9C7C57\" stroke-miterlimit=\"10\" d=\"M40.881.591L20.562 8.576.243.591\"\/>\n                        <\/svg><\/div>\n                                <h2 class=\"eltdf-st-title\" >\n                    ABOUT US                <\/h2>\n                                    <div class=\"decor\"><svg xmlns=\"http:\/\/www.w3.org\/2000\/svg\" width=\"41.125\" height=\"9.146\">\n                            <path fill=\"none\" stroke=\"#9C7C57\" stroke-miterlimit=\"10\" d=\"M40.881 8.576L20.562.591.244 8.576\"\/>\n                            <path fill=\"none\" stroke=\"#9C7C57\" stroke-miterlimit=\"10\" d=\"M40.881.591L20.562 8.576.243.591\"\/>\n                        <\/svg><\/div>\n                            <\/div>\n\t\t\t\t\t\t\t<\/div>\n<\/div>\t\t<\/div>\n\t\t\t\t<\/div>\n\t\t\t\t<section class=\"elementor-section elementor-inner-section elementor-element elementor-element-b2d9698 elementor-section-boxed elementor-section-height-default elementor-section-height-default eltdf-parallax-row-no eltdf-content-aligment-left eltdf-elementor-row-grid-no eltdf-disabled-bg-image-bellow-no\" data-id=\"b2d9698\" data-element_type=\"section\">\n\t\t\t\t\t\t<div class=\"elementor-container elementor-column-gap-default\">\n\t\t\t\t\t<div class=\"elementor-column elementor-col-100 elementor-inner-column elementor-element elementor-element-5c0af25\" data-id=\"5c0af25\" data-element_type=\"column\">\n\t\t\t<div class=\"elementor-widget-wrap elementor-element-populated\">\n\t\t\t\t\t\t\t\t<div class=\"elementor-element elementor-element-8ddc9fa elementor-widget elementor-widget-text-editor\" data-id=\"8ddc9fa\" data-element_type=\"widget\" data-widget_type=\"text-editor.default\">\n\t\t\t\t<div class=\"elementor-widget-container\">\n\t\t\t<style>\/*! elementor - v3.11.3 - 07-03-2023 *\/\n.elementor-widget-text-editor.elementor-drop-cap-view-stacked .elementor-drop-cap{background-color:#818a91;color:#fff}.elementor-widget-text-editor.elementor-drop-cap-view-framed .elementor-drop-cap{color:#818a91;border:3px solid;background-color:transparent}.elementor-widget-text-editor:not(.elementor-drop-cap-view-default) .elementor-drop-cap{margin-top:8px}.elementor-widget-text-editor:not(.elementor-drop-cap-view-default) .elementor-drop-cap-letter{width:1em;height:1em}.elementor-widget-text-editor .elementor-drop-cap{float:left;text-align:center;line-height:1;font-size:50px}.elementor-widget-text-editor .elementor-drop-cap-letter{display:inline-block}<\/style>\t\t\t\t<div class=\"wpb_text_column wpb_content_element\"><div class=\"wpb_wrapper\"><p>Welcome to Ivy Beach, the restaurant that brings the flavors of Sardinia to your table. Located in the beautiful Bay of Cea in Tortol\u00ec, our cuisine is dedicated to excellence and pleasure of the palate.<\/p><p>Our team of talented chefs carefully selects only the freshest and most genuine ingredients to create dishes that enhance the culinary traditions of the region. From seafood specialties to meat, pasta and pizza recipes, each dish is prepared with care and attention to offer a true gastronomic experience.<\/p><p>But it's not just our cuisine that sets us apart: our friendly and professional staff is ready to welcome you and make you feel at home. We are passionate about providing impeccable service and a welcoming atmosphere to all our guests, and we work hard to exceed your expectations.<\/p><p>Ivy Beach restaurant is much more than just a place to eat: we are an oasis of peace and relaxation on the beach. Our location offers a breathtaking view of the Mediterranean Sea, making your meal even more special. In addition, we offer a variety of beach activities and beach club services for your enjoyment.<\/p><\/div><\/div>\t\t\t\t\t\t<\/div>\n\t\t\t\t<\/div>\n\t\t\t\t\t<\/div>\n\t\t<\/div>\n\t\t\t\t\t\t\t<\/div>\n\t\t<\/section>\n\t\t\t\t\t<\/div>\n\t\t<\/div>\n\t\t\t\t\t\t\t<\/div>\n\t\t<\/section>\n\t\t\t\t\t\t\t<\/div>","protected":false},"excerpt":{"rendered":"<p>ivy beach chi siamo Benvenuti a Ivy Beach, il ristorante che porta sulla vostra tavola i sapori della Sardegna. Situato nella splendida Baia di Cea a Tortol\u00ec, la nostra cucina \u00e8 dedicata all&#8217;eccellenza e al piacere del palato. Il nostro team di chef talentuosi seleziona solo gli ingredienti pi\u00f9 freschi e genuini per creare piatti che esaltano le tradizioni culinarie [&hellip;]<\/p>","protected":false},"author":1,"featured_media":10,"parent":0,"menu_order":0,"comment_status":"closed","ping_status":"closed","template":"elementor_header_footer","meta":{"footnotes":""},"class_list":["post-3310","page","type-page","status-publish","has-post-thumbnail","hentry"],"yoast_head":"<!-- This site is optimized with the Yoast SEO plugin v20.2.1 - https:\/\/yoast.com\/wordpress\/plugins\/seo\/ -->\n<title>Chi siamo - Ristorante Ivy Beach Tortol\u00ec<\/title>\n<meta name=\"description\" content=\"Scoprite la nostra storia e la passione per la cucina sarda al Ristorante Ivy Beach a Tortol\u00ec. Il nostro team di chef esperti vi offre piatti deliziosi preparati con ingredienti di prima qualit\u00e0, mentre il nostro personale cordiale e professionale vi accoglier\u00e0 con un servizio impeccabile.\" \/>\n<meta name=\"robots\" content=\"index, follow, max-snippet:-1, max-image-preview:large, max-video-preview:-1\" \/>\n<link rel=\"canonical\" href=\"https:\/\/ivybeach.it\/en\/aboutus\/\" \/>\n<meta property=\"og:locale\" content=\"en_US\" \/>\n<meta property=\"og:type\" content=\"article\" \/>\n<meta property=\"og:title\" content=\"Chi siamo - Ristorante Ivy Beach Tortol\u00ec\" \/>\n<meta property=\"og:description\" content=\"Scoprite la nostra storia e la passione per la cucina sarda al Ristorante Ivy Beach a Tortol\u00ec. Il nostro team di chef esperti vi offre piatti deliziosi preparati con ingredienti di prima qualit\u00e0, mentre il nostro personale cordiale e professionale vi accoglier\u00e0 con un servizio impeccabile.\" \/>\n<meta property=\"og:url\" content=\"https:\/\/ivybeach.it\/en\/aboutus\/\" \/>\n<meta property=\"og:site_name\" content=\"Ivy Beach | Restaurant - Lounge Bar - Pizzeria\" \/>\n<meta property=\"article:publisher\" content=\"https:\/\/www.facebook.com\/ivybeachofficial\" \/>\n<meta property=\"article:modified_time\" content=\"2023-03-12T20:57:01+00:00\" \/>\n<meta property=\"og:image\" content=\"https:\/\/i0.wp.com\/ivybeach.it\/wp-content\/uploads\/2023\/03\/IvyBeach2022-00035.jpg?fit=1971%2C1305&ssl=1\" \/>\n\t<meta property=\"og:image:width\" content=\"1971\" \/>\n\t<meta property=\"og:image:height\" content=\"1305\" \/>\n\t<meta property=\"og:image:type\" content=\"image\/jpeg\" \/>\n<meta name=\"twitter:card\" content=\"summary_large_image\" \/>\n<meta name=\"twitter:label1\" content=\"Est. reading time\" \/>\n\t<meta name=\"twitter:data1\" content=\"1 minute\" \/>\n<script type=\"application\/ld+json\" class=\"yoast-schema-graph\">{\"@context\":\"https:\/\/schema.org\",\"@graph\":[{\"@type\":\"WebPage\",\"@id\":\"https:\/\/ivybeach.it\/it\/aboutus\/\",\"url\":\"https:\/\/ivybeach.it\/it\/aboutus\/\",\"name\":\"Chi siamo - Ristorante Ivy Beach Tortol\u00ec\",\"isPartOf\":{\"@id\":\"https:\/\/ivybeach.it\/it\/#website\"},\"datePublished\":\"2020-04-27T12:36:14+00:00\",\"dateModified\":\"2023-03-12T20:57:01+00:00\",\"description\":\"Scoprite la nostra storia e la passione per la cucina sarda al Ristorante Ivy Beach a Tortol\u00ec. Il nostro team di chef esperti vi offre piatti deliziosi preparati con ingredienti di prima qualit\u00e0, mentre il nostro personale cordiale e professionale vi accoglier\u00e0 con un servizio impeccabile.\",\"breadcrumb\":{\"@id\":\"https:\/\/ivybeach.it\/it\/aboutus\/#breadcrumb\"},\"inLanguage\":\"en-US\",\"potentialAction\":[{\"@type\":\"ReadAction\",\"target\":[\"https:\/\/ivybeach.it\/it\/aboutus\/\"]}]},{\"@type\":\"BreadcrumbList\",\"@id\":\"https:\/\/ivybeach.it\/it\/aboutus\/#breadcrumb\",\"itemListElement\":[{\"@type\":\"ListItem\",\"position\":1,\"name\":\"Home\",\"item\":\"https:\/\/ivybeach.it\/it\/\"},{\"@type\":\"ListItem\",\"position\":2,\"name\":\"Chi siamo\"}]},{\"@type\":\"WebSite\",\"@id\":\"https:\/\/ivybeach.it\/it\/#website\",\"url\":\"https:\/\/ivybeach.it\/it\/\",\"name\":\"Ivy Beach | Restaurant - Lounge Bar - Pizzeria\",\"description\":\"\",\"publisher\":{\"@id\":\"https:\/\/ivybeach.it\/it\/#organization\"},\"potentialAction\":[{\"@type\":\"SearchAction\",\"target\":{\"@type\":\"EntryPoint\",\"urlTemplate\":\"https:\/\/ivybeach.it\/it\/?s={search_term_string}\"},\"query-input\":\"required name=search_term_string\"}],\"inLanguage\":\"en-US\"},{\"@type\":\"Organization\",\"@id\":\"https:\/\/ivybeach.it\/it\/#organization\",\"name\":\"Ivy Beach | Restaurant - Lounge Bar - Pizzeria\",\"url\":\"https:\/\/ivybeach.it\/it\/\",\"logo\":{\"@type\":\"ImageObject\",\"inLanguage\":\"en-US\",\"@id\":\"https:\/\/ivybeach.it\/it\/#\/schema\/logo\/image\/\",\"url\":\"https:\/\/ivybeach.it\/wp-content\/uploads\/2023\/03\/logoivywhite.svg\",\"contentUrl\":\"https:\/\/ivybeach.it\/wp-content\/uploads\/2023\/03\/logoivywhite.svg\",\"width\":112,\"height\":153,\"caption\":\"Ivy Beach | Restaurant - Lounge Bar - Pizzeria\"},\"image\":{\"@id\":\"https:\/\/ivybeach.it\/it\/#\/schema\/logo\/image\/\"},\"sameAs\":[\"https:\/\/www.facebook.com\/ivybeachofficial\",\"https:\/\/www.instagram.com\/ivybeach_tortoli\/\"]}]}<\/script>\n<!-- \/ Yoast SEO plugin. -->","yoast_head_json":{"title":"Chi siamo - Ristorante Ivy Beach Tortol\u00ec","description":"Scoprite la nostra storia e la passione per la cucina sarda al Ristorante Ivy Beach a Tortol\u00ec. Il nostro team di chef esperti vi offre piatti deliziosi preparati con ingredienti di prima qualit\u00e0, mentre il nostro personale cordiale e professionale vi accoglier\u00e0 con un servizio impeccabile.","robots":{"index":"index","follow":"follow","max-snippet":"max-snippet:-1","max-image-preview":"max-image-preview:large","max-video-preview":"max-video-preview:-1"},"canonical":"https:\/\/ivybeach.it\/en\/aboutus\/","og_locale":"en_US","og_type":"article","og_title":"Chi siamo - Ristorante Ivy Beach Tortol\u00ec","og_description":"Scoprite la nostra storia e la passione per la cucina sarda al Ristorante Ivy Beach a Tortol\u00ec. Il nostro team di chef esperti vi offre piatti deliziosi preparati con ingredienti di prima qualit\u00e0, mentre il nostro personale cordiale e professionale vi accoglier\u00e0 con un servizio impeccabile.","og_url":"https:\/\/ivybeach.it\/en\/aboutus\/","og_site_name":"Ivy Beach | Restaurant - Lounge Bar - Pizzeria","article_publisher":"https:\/\/www.facebook.com\/ivybeachofficial","article_modified_time":"2023-03-12T20:57:01+00:00","og_image":[{"width":1971,"height":1305,"url":"https:\/\/i0.wp.com\/ivybeach.it\/wp-content\/uploads\/2023\/03\/IvyBeach2022-00035.jpg?fit=1971%2C1305&ssl=1","type":"image\/jpeg"}],"twitter_card":"summary_large_image","twitter_misc":{"Est. reading time":"1 minute"},"schema":{"@context":"https:\/\/schema.org","@graph":[{"@type":"WebPage","@id":"https:\/\/ivybeach.it\/it\/aboutus\/","url":"https:\/\/ivybeach.it\/it\/aboutus\/","name":"Chi siamo - Ristorante Ivy Beach Tortol\u00ec","isPartOf":{"@id":"https:\/\/ivybeach.it\/it\/#website"},"datePublished":"2020-04-27T12:36:14+00:00","dateModified":"2023-03-12T20:57:01+00:00","description":"Scoprite la nostra storia e la passione per la cucina sarda al Ristorante Ivy Beach a Tortol\u00ec. Il nostro team di chef esperti vi offre piatti deliziosi preparati con ingredienti di prima qualit\u00e0, mentre il nostro personale cordiale e professionale vi accoglier\u00e0 con un servizio impeccabile.","breadcrumb":{"@id":"https:\/\/ivybeach.it\/it\/aboutus\/#breadcrumb"},"inLanguage":"en-US","potentialAction":[{"@type":"ReadAction","target":["https:\/\/ivybeach.it\/it\/aboutus\/"]}]},{"@type":"BreadcrumbList","@id":"https:\/\/ivybeach.it\/it\/aboutus\/#breadcrumb","itemListElement":[{"@type":"ListItem","position":1,"name":"Home","item":"https:\/\/ivybeach.it\/it\/"},{"@type":"ListItem","position":2,"name":"Chi siamo"}]},{"@type":"WebSite","@id":"https:\/\/ivybeach.it\/it\/#website","url":"https:\/\/ivybeach.it\/it\/","name":"Ivy Beach | Restaurant - Lounge Bar - Pizzeria","description":"","publisher":{"@id":"https:\/\/ivybeach.it\/it\/#organization"},"potentialAction":[{"@type":"SearchAction","target":{"@type":"EntryPoint","urlTemplate":"https:\/\/ivybeach.it\/it\/?s={search_term_string}"},"query-input":"required name=search_term_string"}],"inLanguage":"en-US"},{"@type":"Organization","@id":"https:\/\/ivybeach.it\/it\/#organization","name":"Ivy Beach | Restaurant - Lounge Bar - Pizzeria","url":"https:\/\/ivybeach.it\/it\/","logo":{"@type":"ImageObject","inLanguage":"en-US","@id":"https:\/\/ivybeach.it\/it\/#\/schema\/logo\/image\/","url":"https:\/\/ivybeach.it\/wp-content\/uploads\/2023\/03\/logoivywhite.svg","contentUrl":"https:\/\/ivybeach.it\/wp-content\/uploads\/2023\/03\/logoivywhite.svg","width":112,"height":153,"caption":"Ivy Beach | Restaurant - Lounge Bar - Pizzeria"},"image":{"@id":"https:\/\/ivybeach.it\/it\/#\/schema\/logo\/image\/"},"sameAs":["https:\/\/www.facebook.com\/ivybeachofficial","https:\/\/www.instagram.com\/ivybeach_tortoli\/"]}]}},"_links":{"self":[{"href":"https:\/\/ivybeach.it\/en\/wp-json\/wp\/v2\/pages\/3310","targetHints":{"allow":["GET"]}}],"collection":[{"href":"https:\/\/ivybeach.it\/en\/wp-json\/wp\/v2\/pages"}],"about":[{"href":"https:\/\/ivybeach.it\/en\/wp-json\/wp\/v2\/types\/page"}],"author":[{"embeddable":true,"href":"https:\/\/ivybeach.it\/en\/wp-json\/wp\/v2\/users\/1"}],"replies":[{"embeddable":true,"href":"https:\/\/ivybeach.it\/en\/wp-json\/wp\/v2\/comments?post=3310"}],"version-history":[{"count":12,"href":"https:\/\/ivybeach.it\/en\/wp-json\/wp\/v2\/pages\/3310\/revisions"}],"predecessor-version":[{"id":4616,"href":"https:\/\/ivybeach.it\/en\/wp-json\/wp\/v2\/pages\/3310\/revisions\/4616"}],"wp:featuredmedia":[{"embeddable":true,"href":"https:\/\/ivybeach.it\/en\/wp-json\/wp\/v2\/media\/10"}],"wp:attachment":[{"href":"https:\/\/ivybeach.it\/en\/wp-json\/wp\/v2\/media?parent=3310"}],"curies":[{"name":"wp","href":"https:\/\/api.w.org\/{rel}","templated":true}]}}